{"id":138,"date":"2020-04-18T02:12:40","date_gmt":"2020-04-18T02:12:40","guid":{"rendered":"http:\/\/espritcam.pt\/?page_id=138"},"modified":"2020-06-12T15:25:09","modified_gmt":"2020-06-12T15:25:09","slug":"tecnologia","status":"publish","type":"page","link":"https:\/\/espritcam.pt\/?page_id=138","title":{"rendered":"Tecnologia"},"content":{"rendered":"<div class=\"\" style=\"\" >\n    \n    <section class=\"u-clearfix u-section-2\" id=\"sec-6d22\">\n      <div class=\"u-clearfix u-sheet u-valign-middle u-sheet-1\">\n        <h3 class=\"u-text u-text-black u-text-default u-text-1\">Tecnologias<\/h3>\n        <div class=\"u-clearfix u-gutter-10 u-layout-wrap u-layout-wrap-1\">\n          <div class=\"u-layout\" style=\"\">\n            <div class=\"u-layout-row\" style=\"\">\n              <div class=\"u-align-left u-container-style u-layout-cell u-left-cell u-size-30 u-size-xs-60 u-layout-cell-1\" src=\"\">\n                <div class=\"u-container-layout u-valign-middle u-container-layout-1\" src=\"\">\n                  <img class=\"u-expand-resize u-image u-image-1\" src=\"https:\/\/espritcam.pt\/wp-content\/uploads\/2020\/04\/fresagem400-2.jpg\" data-image-width=\"400\" data-image-height=\"400\">\n                <\/div>\n              <\/div>\n              <div class=\"u-align-left u-container-style u-layout-cell u-right-cell u-size-30 u-size-xs-60 u-layout-cell-2\">\n                <div class=\"u-container-layout u-valign-bottom u-container-layout-2\">\n                  <h2 class=\"u-text u-text-2\">Fresagem<\/h2>\n                  <p class=\"u-text u-text-3\">Esprit \u00e9 simples de usar para trabalhos r\u00e1pidos, mas carregado de funcionalidades para as mais complexas geometrias. Quer queira programar pe\u00e7as \u201c2D\u201d ou calcular traject\u00f3rias complexas de 5 eixos cont\u00ednuos, Esprit combina a facilidade que deseja com a pot\u00eancia que necessita<\/p>\n                  <a href=\"https:\/\/espritcam.pt\/wp-content\/uploads\/2020\/04\/19_0520_ProductFlyers_SolidMillTraditional_TNG_A4_FINAL_digital_fullspreads.pdf\" class=\"u-border-2 u-border-grey-dark-1 u-btn u-btn-rectangle u-button-style u-none u-btn-1\" target=\"_blank\">Brochura Aplica\u00e7\u00e3oes \"2D\"<\/a>\n                  <a href=\"https:\/\/espritcam.pt\/wp-content\/uploads\/2020\/04\/19_0320_ProductFlyers_3Axis_A4_FINAL_digital.pdf\" class=\"u-border-2 u-border-grey-dark-1 u-btn u-btn-rectangle u-button-style u-none u-btn-2\" target=\"_blank\">Brochura&nbsp;Aplica\u00e7\u00f5es 3 eixos<\/a>\n                <\/div>\n              <\/div>\n            <\/div>\n          <\/div>\n        <\/div>\n      <\/div>\n    <\/section>\n    <section class=\"u-clearfix u-section-3\" id=\"sec-7513\">\n      <div class=\"u-clearfix u-sheet u-valign-middle u-sheet-1\">\n        <div class=\"u-clearfix u-expanded-width u-gutter-10 u-layout-wrap u-layout-wrap-1\">\n          <div class=\"u-gutter-0 u-layout\">\n            <div class=\"u-layout-row\" style=\"\">\n              <div class=\"u-size-37 u-size-60-md\" style=\"\">\n                <div class=\"u-layout-row\" style=\"\">\n                  <div class=\"u-align-left u-container-style u-layout-cell u-left-cell u-size-60 u-layout-cell-1\" src=\"\">\n                    <div class=\"u-container-layout u-container-layout-1\" src=\"\">\n                      <h2 class=\"u-text u-text-1\">Fresagem multi-eixo<\/h2>\n                      <p class=\"u-text u-text-2\">Defina todo o seu trabalho em Esprit. Esprit gere as origens, inclina\u00e7\u00f5es e orienta\u00e7\u00f5es. O poder de&nbsp;Esprit ir\u00e1, por exemplo, optimizar as trocas de ferramentas, se assim o desejar, reduzindo tempo&nbsp;de&nbsp;programa\u00e7\u00e3o e de execu\u00e7\u00e3o na m\u00e1quina.<br>Com controlo de passagens baseado no material em bruto definido, elimina-se o risco de colis\u00e3o e evitam-se movimentos de corte em vazio.\n                      <\/p>\n                      <a href=\"https:\/\/espritcam.pt\/wp-content\/uploads\/2020\/04\/19_0510_ProductFlyers_ProductionMachining_TNG_US-Letter_FINAL_digital_fullspreads.pdf\" class=\"u-border-2 u-border-grey-dark-1 u-btn u-btn-rectangle u-button-style u-none u-btn-1\" target=\"_blank\">Brochura&nbsp;Aplica\u00e7\u00e3oes 4 eixos<\/a>\n                      <a href=\"https:\/\/espritcam.pt\/wp-content\/uploads\/2020\/04\/19_1105_ProductFlyers_5Axis_TNG_A4_FINAL_digital.pdf\" class=\"u-border-2 u-border-grey-dark-1 u-btn u-btn-rectangle u-button-style u-none u-btn-2\" target=\"_blank\">Brochura&nbsp;Aplica\u00e7\u00f5es 5 eixos<\/a>\n                    <\/div>\n                  <\/div>\n                <\/div>\n              <\/div>\n              <div class=\"u-size-23 u-size-60-md\" style=\"\">\n                <div class=\"u-layout-col\" style=\"\">\n                  <div class=\"u-align-left u-container-style u-layout-cell u-right-cell u-size-60 u-layout-cell-2\">\n                    <div class=\"u-container-layout u-valign-middle u-container-layout-2\">\n                      <img class=\"u-expand-resize u-image u-image-1\" src=\"https:\/\/espritcam.pt\/wp-content\/uploads\/2020\/04\/fresagem5eixos400-2.jpg\" data-image-width=\"400\" data-image-height=\"400\">\n                    <\/div>\n                  <\/div>\n                <\/div>\n              <\/div>\n            <\/div>\n          <\/div>\n        <\/div>\n      <\/div>\n    <\/section>\n    <section class=\"u-clearfix u-section-4\" id=\"carousel_34a9\">\n      <div class=\"u-clearfix u-sheet u-sheet-1\">\n        <div class=\"u-clearfix u-gutter-10 u-layout-wrap u-layout-wrap-1\">\n          <div class=\"u-layout\" style=\"\">\n            <div class=\"u-layout-row\" style=\"\">\n              <div class=\"u-align-left u-container-style u-layout-cell u-left-cell u-size-30 u-size-xs-60 u-layout-cell-1\" src=\"\">\n                <div class=\"u-container-layout u-valign-middle u-container-layout-1\" src=\"\">\n                  <img class=\"u-expand-resize u-image u-image-1\" src=\"https:\/\/espritcam.pt\/wp-content\/uploads\/2020\/04\/ProfitMilling400-2.jpg\" data-image-width=\"400\" data-image-height=\"400\">\n                <\/div>\n              <\/div>\n              <div class=\"u-align-left u-container-style u-layout-cell u-right-cell u-size-30 u-size-xs-60 u-layout-cell-2\">\n                <div class=\"u-container-layout u-valign-bottom u-container-layout-2\">\n                  <h2 class=\"u-text u-text-black u-text-1\">ProfitMilling<\/h2>\n                  <p class=\"u-text u-text-2\">A tecnologia ProfitMilling para desbaste de (muito) alta velocidade est\u00e1 dispon\u00edvel para todas as combina\u00e7\u00f5es, de 2 a 5 eixos.Veja como pode:<br>Reduzir tempos de ciclo<br>Aumentar a vida \u00fatil da ferramenta<br>Reduzir tempos de programa\u00e7\u00e3o<br>Reduzir custos energ\u00e9ticos<br>Melhorar a produtividade \n                  <\/p>\n                  <a href=\"https:\/\/www.espritcam.com\/product\/high-speed-machining\" class=\"u-border-2 u-border-grey-dark-1 u-btn u-btn-rectangle u-button-style u-none u-btn-1\" target=\"_blank\">P\u00e1gina Esprit ProfitMilling<\/a>\n                  <a href=\"https:\/\/espritcam.pt\/wp-content\/uploads\/2020\/04\/19_0614_ProductFlyers_ProfitMilling_TNG_A4_FINAL_digital.pdf\" class=\"u-border-2 u-border-grey-dark-1 u-btn u-btn-rectangle u-button-style u-none u-btn-2\" target=\"_blank\">Brochura&nbsp;ProfitMilling<\/a>\n                <\/div>\n              <\/div>\n            <\/div>\n          <\/div>\n        <\/div>\n      <\/div>\n    <\/section>\n    <section class=\"u-clearfix u-section-5\" id=\"carousel_d297\">\n      <div class=\"u-clearfix u-sheet u-valign-middle u-sheet-1\">\n        <div class=\"u-clearfix u-expanded-width u-gutter-10 u-layout-wrap u-layout-wrap-1\">\n          <div class=\"u-gutter-0 u-layout\">\n            <div class=\"u-layout-row\" style=\"\">\n              <div class=\"u-size-37 u-size-60-md\" style=\"\">\n                <div class=\"u-layout-row\" style=\"\">\n                  <div class=\"u-align-left u-container-style u-layout-cell u-left-cell u-size-60 u-layout-cell-1\" src=\"\">\n                    <div class=\"u-container-layout u-container-layout-1\" src=\"\">\n                      <h2 class=\"u-text u-text-1\">Torneamento<\/h2>\n                      <p class=\"u-text u-text-2\">Esprit&nbsp;tem sido aprimorado no trabalho de programa\u00e7\u00e3o de pe\u00e7as torneadas, desde as mais simples at\u00e9 mais complexas. Esprit permite calcular desbastes autom\u00e1ticos a partir da pe\u00e7a em bruto, tal como em fresagem. Estas pe\u00e7as podem ser \u201cstandard\u201d (var\u00e3o, tubo), ou pe\u00e7as de fundi\u00e7\u00e3o. Minimiza-se, assim, que a m\u00e1quina trabalhe em vazio, aumenta-se a produtividade e o desempenho da sec\u00e7\u00e3o de torneamento. Reutilizando estrat\u00e9gias, reduz-se drasticamente o tempo de programa\u00e7\u00e3o e mant\u00e9m-se uma filosofia de maquina\u00e7\u00e3o consistente na empresa.<\/p>\n                      <a href=\"https:\/\/espritcam.pt\/wp-content\/uploads\/2020\/04\/19_0709_ProductFlyers_SolidTurn_TNG_A4_FINAL_digital.pdf\" class=\"u-border-2 u-border-grey-dark-1 u-btn u-btn-rectangle u-button-style u-none u-btn-1\" target=\"_blank\">Brochura&nbsp;Torneamento<\/a>\n                    <\/div>\n                  <\/div>\n                <\/div>\n              <\/div>\n              <div class=\"u-size-23 u-size-60-md\" style=\"\">\n                <div class=\"u-layout-col\" style=\"\">\n                  <div class=\"u-align-left u-container-style u-layout-cell u-right-cell u-size-60 u-layout-cell-2\">\n                    <div class=\"u-container-layout u-valign-middle u-container-layout-2\">\n                      <img class=\"u-expand-resize u-image u-image-1\" src=\"https:\/\/espritcam.pt\/wp-content\/uploads\/2020\/04\/torneamento400-2.png\" data-image-width=\"400\" data-image-height=\"400\">\n                    <\/div>\n                  <\/div>\n                <\/div>\n              <\/div>\n            <\/div>\n          <\/div>\n        <\/div>\n      <\/div>\n    <\/section>\n    <section class=\"u-clearfix u-section-6\" id=\"carousel_dac4\">\n      <div class=\"u-clearfix u-sheet u-valign-middle u-sheet-1\">\n        <div class=\"u-clearfix u-gutter-10 u-layout-wrap u-layout-wrap-1\">\n          <div class=\"u-layout\" style=\"\">\n            <div class=\"u-layout-row\" style=\"\">\n              <div class=\"u-align-left u-container-style u-layout-cell u-left-cell u-size-30 u-size-xs-60 u-layout-cell-1\" src=\"\">\n                <div class=\"u-container-layout u-container-layout-1\" src=\"\">\n                  <img class=\"u-expand-resize u-image u-image-1\" src=\"https:\/\/espritcam.pt\/wp-content\/uploads\/2020\/04\/multitask400-2.png\" data-image-width=\"400\" data-image-height=\"400\">\n                <\/div>\n              <\/div>\n              <div class=\"u-align-left u-container-style u-layout-cell u-right-cell u-size-30 u-size-xs-60 u-layout-cell-2\">\n                <div class=\"u-container-layout u-valign-bottom u-container-layout-2\">\n                  <h2 class=\"u-text u-text-1\">Multi-Tasking<\/h2>\n                  <p class=\"u-text u-text-2\">A DP Technology tem investido fortemente na parceria com fabricantes de m\u00e1quinas \u201cmulti-task\u201d: m\u00e1quinas com capacidades de torneamento e fresagem t\u00eam-se tornado mais comuns e, para muitas situa\u00e7\u00f5es, apresentam vantagens significativas.<br>O sistemo modular de Esprit permite ter um CAM singularmente preparado para comandar estas m\u00e1quinas, com um licenciamento simples para passar de m\u00e1quinas de 2 eixos a m\u00e1quinas de 22 \n                  <\/p>\n                  <a href=\"https:\/\/espritcam.pt\/wp-content\/uploads\/2020\/04\/19_0507_ProductFlyers_Multitasking_TNG_A4_digital_uk.pdf\" class=\"u-border-2 u-border-grey-dark-1 u-btn u-btn-rectangle u-button-style u-none u-btn-1\" target=\"_blank\">Brochura&nbsp;Multi-Tasking<\/a>\n                <\/div>\n              <\/div>\n            <\/div>\n          <\/div>\n        <\/div>\n      <\/div>\n    <\/section>\n    <section class=\"u-clearfix u-section-7\" id=\"carousel_b45c\">\n      <div class=\"u-clearfix u-sheet u-valign-middle u-sheet-1\">\n        <div class=\"u-clearfix u-expanded-width u-gutter-10 u-layout-wrap u-layout-wrap-1\">\n          <div class=\"u-gutter-0 u-layout\">\n            <div class=\"u-layout-row\" style=\"\">\n              <div class=\"u-size-37 u-size-60-md\" style=\"\">\n                <div class=\"u-layout-row\" style=\"\">\n                  <div class=\"u-align-left u-container-style u-layout-cell u-left-cell u-size-60 u-layout-cell-1\" src=\"\">\n                    <div class=\"u-container-layout u-valign-middle u-container-layout-1\" src=\"\">\n                      <h2 class=\"u-text u-text-1\">ProfitTurning<\/h2>\n                      <p class=\"u-text u-text-2\">Esprit inova, mais uma vez. Desta feita, com ProfitTurning, um sistema propriet\u00e1rio de desbaste de alto-desempenho. Com estrat\u00e9gias optimizadas para desbastes e ranhuras\/canais, ProfitTuring ajudar\u00e1 a:<br>\n                        <br>\n                      <\/p>\n                      <ul class=\"u-text u-text-3\">\n                        <li>reduzir tempos de ciclo<\/li>\n                        <li>umentar a dura\u00e7\u00e3o da ferramenta\/pastilha<\/li>\n                        <li>reduzir o custo da pe\u00e7a final<\/li>\n                        <li>minimizar vibra\u00e7\u00f5es<\/li>\n                        <li>melhorar a qualidade da pe\u00e7a<\/li>\n                        <li>manter cargas constantes<\/li>\n                      <\/ul>\n                      <a href=\"https:\/\/www.youtube.com\/watch?v=GP4ft3rjqcw\" class=\"u-border-2 u-border-grey-dark-1 u-btn u-btn-rectangle u-button-style u-none u-btn-1\" target=\"_blank\">V\u00eddeo ProfitTurning<\/a>\n                    <\/div>\n                  <\/div>\n                <\/div>\n              <\/div>\n              <div class=\"u-size-23 u-size-60-md\" style=\"\">\n                <div class=\"u-layout-col\" style=\"\">\n                  <div class=\"u-align-left u-container-style u-layout-cell u-right-cell u-size-60 u-layout-cell-2\">\n                    <div class=\"u-container-layout u-container-layout-2\">\n                      <img class=\"u-expand-resize u-image u-image-1\" src=\"https:\/\/espritcam.pt\/wp-content\/uploads\/2020\/04\/ProfitTurning400-1.jpg\" data-image-width=\"400\" data-image-height=\"400\">\n                    <\/div>\n                  <\/div>\n                <\/div>\n              <\/div>\n            <\/div>\n          <\/div>\n        <\/div>\n      <\/div>\n    <\/section>\n    <section class=\"u-clearfix u-section-8\" id=\"carousel_31a6\">\n      <div class=\"u-clearfix u-sheet u-valign-middle u-sheet-1\">\n        <div class=\"u-clearfix u-gutter-10 u-layout-wrap u-layout-wrap-1\">\n          <div class=\"u-layout\" style=\"\">\n            <div class=\"u-layout-row\" style=\"\">\n              <div class=\"u-align-left u-container-style u-layout-cell u-left-cell u-size-21 u-size-xs-60 u-layout-cell-1\" src=\"\">\n                <div class=\"u-container-layout u-valign-middle u-container-layout-1\" src=\"\">\n                  <img class=\"u-expand-resize u-image u-image-1\" src=\"https:\/\/espritcam.pt\/wp-content\/uploads\/2020\/04\/swiss400-1.jpg\" data-image-width=\"400\" data-image-height=\"400\">\n                <\/div>\n              <\/div>\n              <div class=\"u-align-left u-container-style u-layout-cell u-right-cell u-size-39 u-size-xs-60 u-layout-cell-2\">\n                <div class=\"u-container-layout u-valign-bottom u-container-layout-2\">\n                  <h2 class=\"u-text u-text-1\">Torneamento Sui\u00e7o\/Multi-Canal<\/h2>\n                  <p class=\"u-text u-text-2\">Com Esprit poder\u00e1 comandar m\u00e1quinas multi-canal, combinando as portencialidades de fresagem e torneamento com a sincroniza\u00e7\u00e3o de ferramentas e buchas m\u00faltiplas. Toda a simula\u00e7\u00e3o e sincronismo pode ser optimizado antes de enviar para a m\u00e1quina. \u00c9 poss\u00edvel estudar a ocupa\u00e7\u00e3o de cada bucha e cada torreta, permitindo estudar possibilidades de redu\u00e7\u00e3o de tempos de ciclo vitais no desempenho destas m\u00e1quinas.&nbsp;Veja ProfitMilling com 2 ferramentas em&nbsp;simult\u00e2neo:<\/p>\n                  <a href=\"https:\/\/espritcam.pt\/wp-content\/uploads\/2020\/04\/19_1018_ProductFlyers_SwissTurn_A4_FINAL_digital.pdf\" class=\"u-border-2 u-border-grey-dark-1 u-btn u-btn-rectangle u-button-style u-none u-btn-1\" target=\"_blank\">Brochura&nbsp;Torneamento Sui\u00e7o<\/a>\n                  <a href=\"https:\/\/www.youtube.com\/watch?v=RAZB4E8Du64\" class=\"u-border-2 u-border-grey-dark-1 u-btn u-btn-rectangle u-button-style u-none u-btn-2\" target=\"_blank\">V\u00eddeo ProfitMilling Duplo em torno sui\u00e7o<\/a>\n                <\/div>\n              <\/div>\n            <\/div>\n          <\/div>\n        <\/div>\n      <\/div>\n    <\/section>\n    <section class=\"u-clearfix u-section-9\" id=\"carousel_f49b\">\n      <div class=\"u-clearfix u-sheet u-sheet-1\">\n        <div class=\"u-clearfix u-expanded-width u-gutter-10 u-layout-wrap u-layout-wrap-1\">\n          <div class=\"u-gutter-0 u-layout\">\n            <div class=\"u-layout-row\" style=\"\">\n              <div class=\"u-size-37 u-size-60-md\" style=\"\">\n                <div class=\"u-layout-row\" style=\"\">\n                  <div class=\"u-align-left u-container-style u-layout-cell u-left-cell u-size-60 u-layout-cell-1\" src=\"\">\n                    <div class=\"u-container-layout u-valign-top u-container-layout-1\" src=\"\">\n                      <h2 class=\"u-text u-text-1\">Eros\u00e3o por fio<\/h2>\n                      <p class=\"u-text u-text-2\">Esprit \u00e9, desde h\u00e1 muitos anos, \"A\" solu\u00e7\u00e3o de programa\u00e7\u00e3o de eros\u00e3o por fio por excel\u00eancia. Premiada em 2013 pela introdu\u00e7\u00e3o de maquina\u00e7\u00e3o de fio a 5 e 6 eixos, a continuada melhoria tem proporcionado ferramentas de topo aos programadores e suas empresas.<br>\n                      <\/p>\n                      <a href=\"https:\/\/espritcam.pt\/wp-content\/uploads\/2020\/04\/19_0805_ProductFlyers_SolidWire_TNG_A4_FINAL_digital.pdf\" class=\"u-border-2 u-border-grey-dark-1 u-btn u-btn-rectangle u-button-style u-none u-btn-1\" target=\"_blank\">Brochura&nbsp;Eros\u00e3o por fio<\/a>\n                    <\/div>\n                  <\/div>\n                <\/div>\n              <\/div>\n              <div class=\"u-size-23 u-size-60-md\" style=\"\">\n                <div class=\"u-layout-col\" style=\"\">\n                  <div class=\"u-align-left u-container-style u-layout-cell u-right-cell u-size-60 u-layout-cell-2\">\n                    <div class=\"u-container-layout u-valign-middle u-container-layout-2\">\n                      <img class=\"u-expand-resize u-image u-image-1\" src=\"https:\/\/espritcam.pt\/wp-content\/uploads\/2020\/04\/edm400-1.jpg\" data-image-width=\"400\" data-image-height=\"400\">\n                    <\/div>\n                  <\/div>\n                <\/div>\n              <\/div>\n            <\/div>\n          <\/div>\n        <\/div>\n      <\/div>\n    <\/section>\n    <section class=\"u-clearfix u-section-10\" id=\"carousel_0454\">\n      <div class=\"u-clearfix u-sheet u-valign-middle u-sheet-1\">\n        <div class=\"u-clearfix u-gutter-10 u-layout-wrap u-layout-wrap-1\">\n          <div class=\"u-layout\" style=\"\">\n            <div class=\"u-layout-row\" style=\"\">\n              <div class=\"u-align-left u-container-style u-layout-cell u-left-cell u-size-21 u-size-xs-60 u-layout-cell-1\" src=\"\">\n                <div class=\"u-container-layout u-valign-middle u-container-layout-1\" src=\"\">\n                  <img class=\"u-expand-resize u-image u-image-1\" src=\"https:\/\/espritcam.pt\/wp-content\/uploads\/2020\/04\/edm_5axis400-1.jpg\" data-image-width=\"400\" data-image-height=\"400\">\n                <\/div>\n              <\/div>\n              <div class=\"u-align-left u-container-style u-layout-cell u-right-cell u-size-39 u-size-xs-60 u-layout-cell-2\">\n                <div class=\"u-container-layout u-container-layout-2\">\n                  <h2 class=\"u-text u-text-1\">Eros\u00e3o por fio multi-eixo<\/h2>\n                  <p class=\"u-text u-text-2\">Premiada em 2013, a sincroniza\u00e7\u00e3o dos guias do fio com um ou dois eixos rotativos, permite elevar o patamar a chegam que as m\u00e1quinas de eros\u00e3o. Seja para reduzir a quantidade de apertos ou para cortar geometrias complexas, as solu\u00e7\u00f5es de eros\u00e3o multi-eixo s\u00e3o um contributo importante.<\/p>\n                  <a href=\"https:\/\/www.espritcam.com\/product\/wire-edm?wvideo=59zthprrcc#\" class=\"u-border-2 u-border-grey-dark-1 u-btn u-btn-rectangle u-button-style u-none u-btn-1\" target=\"_blank\">V\u00eddeo EDM Multi-eixo<\/a>\n                <\/div>\n              <\/div>\n            <\/div>\n          <\/div>\n        <\/div>\n      <\/div>\n    <\/section>\n    <section class=\"u-clearfix u-section-11\" id=\"carousel_2d27\">\n      <div class=\"u-clearfix u-sheet u-sheet-1\">\n        <div class=\"u-clearfix u-expanded-width u-gutter-10 u-layout-wrap u-layout-wrap-1\">\n          <div class=\"u-gutter-0 u-layout\">\n            <div class=\"u-layout-row\" style=\"\">\n              <div class=\"u-size-37 u-size-60-md\" style=\"\">\n                <div class=\"u-layout-row\" style=\"\">\n                  <div class=\"u-align-left u-container-style u-layout-cell u-left-cell u-size-60 u-layout-cell-1\" src=\"\">\n                    <div class=\"u-container-layout u-valign-top u-container-layout-1\" src=\"\">\n                      <h2 class=\"u-text u-text-1\">Fabrico aditivo<\/h2>\n                      <p class=\"u-text u-text-2\">Desde cedo que Esprit incorporou as capacidades aditivas no seu portef\u00f3lio. Seja em situa\u00e7\u00f5es planares, \"3+2\", rotativas ou mesmo 5 eixos em cont\u00ednuo, consegue gerar o programa para tirar proveito da funcionalidade da m\u00e1quina.<br>\n                      <\/p>\n                      <a href=\"https:\/\/espritcam.pt\/wp-content\/uploads\/2020\/04\/19_0403_ProductFlyers_DED_A4_FINAL_digital.pdf\" class=\"u-border-2 u-border-grey-dark-1 u-btn u-btn-rectangle u-button-style u-none u-btn-1\" target=\"_blank\">Brochura&nbsp;Fabrico Aditivo<\/a>\n                    <\/div>\n                  <\/div>\n                <\/div>\n              <\/div>\n              <div class=\"u-size-23 u-size-60-md\" style=\"\">\n                <div class=\"u-layout-col\" style=\"\">\n                  <div class=\"u-align-left u-container-style u-layout-cell u-right-cell u-size-60 u-layout-cell-2\">\n                    <div class=\"u-container-layout u-valign-middle u-container-layout-2\">\n                      <img class=\"u-expand-resize u-image u-image-1\" src=\"https:\/\/espritcam.pt\/wp-content\/uploads\/2020\/04\/aditivo400-1.jpg\" data-image-width=\"400\" data-image-height=\"400\">\n                    <\/div>\n                  <\/div>\n                <\/div>\n              <\/div>\n            <\/div>\n          <\/div>\n        <\/div>\n      <\/div>\n    <\/section>\n    <section class=\"u-clearfix u-section-12\" id=\"carousel_b86e\">\n      <div class=\"u-clearfix u-sheet u-sheet-1\">\n        <div class=\"u-clearfix u-gutter-10 u-layout-wrap u-layout-wrap-1\">\n          <div class=\"u-layout\" style=\"\">\n            <div class=\"u-layout-row\" style=\"\">\n              <div class=\"u-align-left u-container-style u-layout-cell u-left-cell u-size-21 u-size-xs-60 u-layout-cell-1\" src=\"\">\n                <div class=\"u-container-layout u-valign-middle u-container-layout-1\" src=\"\">\n                  <img class=\"u-expand-resize u-image u-image-1\" src=\"https:\/\/espritcam.pt\/wp-content\/uploads\/2020\/05\/probing400.jpg\">\n                <\/div>\n              <\/div>\n              <div class=\"u-align-left u-container-style u-layout-cell u-right-cell u-size-39 u-size-xs-60 u-layout-cell-2\">\n                <div class=\"u-container-layout u-container-layout-2\">\n                  <h2 class=\"u-text u-text-1\">Medi\u00e7\u00e3o por sonda<\/h2>\n                  <p class=\"u-text u-text-2\">Com suporte para v\u00e1rias sondas (Renishaw, Marposs, Blum, etc), os ciclos de medi\u00e7\u00e3o e verifica\u00e7\u00e3o podem ser programados directamente em Esprit. Torne a sua execu\u00e7\u00e3o mais rent\u00e1vel; verifique dimensionalmente a pe\u00e7a antes de a retirar; tire maior proveito da sua sonda.<\/p>\n                  <a href=\"https:\/\/www.youtube.com\/watch?v=nBhu6zwWOvw&amp;feature=youtu.be\" class=\"u-border-2 u-border-grey-dark-1 u-btn u-btn-rectangle u-button-style u-none u-btn-1\" target=\"_blank\">V\u00eddeo: grava\u00e7\u00e3o de Webinar<\/a>\n                  <a href=\"https:\/\/espritcam.pt\/wp-content\/uploads\/2020\/04\/19_0321_ProductFlyers_Probing_A4_digital_uk.pdf\" class=\"u-border-2 u-border-grey-dark-1 u-btn u-btn-rectangle u-button-style u-none u-btn-2\" target=\"_blank\">Brochura&nbsp;Probing<\/a>\n                <\/div>\n              <\/div>\n            <\/div>\n          <\/div>\n        <\/div>\n      <\/div>\n    <\/section>\n    \n    \n  \n<\/div>","protected":false},"excerpt":{"rendered":"<p>Tecnologias Fresagem Esprit \u00e9 simples de usar para trabalhos r\u00e1pidos, mas carregado de funcionalidades para as mais complexas geometrias. Quer queira programar pe\u00e7as \u201c2D\u201d ou calcular traject\u00f3rias complexas de 5 eixos cont\u00ednuos, Esprit combina a facilidade que deseja com a pot\u00eancia que necessita Brochura Aplica\u00e7\u00e3oes &#8220;2D&#8221; Brochura&nbsp;Aplica\u00e7\u00f5es 3 eixos Fresagem multi-eixo Defina todo o seu &hellip; <a href=\"https:\/\/espritcam.pt\/?page_id=138\" class=\"more-link\">Continue reading<span class=\"screen-reader-text\"> &#8220;Tecnologia&#8221;<\/span><\/a><\/p>\n","protected":false},"author":1,"featured_media":0,"parent":0,"menu_order":1,"comment_status":"closed","ping_status":"closed","template":"","meta":[],"categories":[7],"tags":[],"_links":{"self":[{"href":"https:\/\/espritcam.pt\/index.php?rest_route=\/wp\/v2\/pages\/138"}],"collection":[{"href":"https:\/\/espritcam.pt\/index.php?rest_route=\/wp\/v2\/pages"}],"about":[{"href":"https:\/\/espritcam.pt\/index.php?rest_route=\/wp\/v2\/types\/page"}],"author":[{"embeddable":true,"href":"https:\/\/espritcam.pt\/index.php?rest_route=\/wp\/v2\/users\/1"}],"replies":[{"embeddable":true,"href":"https:\/\/espritcam.pt\/index.php?rest_route=%2Fwp%2Fv2%2Fcomments&post=138"}],"version-history":[{"count":18,"href":"https:\/\/espritcam.pt\/index.php?rest_route=\/wp\/v2\/pages\/138\/revisions"}],"predecessor-version":[{"id":377,"href":"https:\/\/espritcam.pt\/index.php?rest_route=\/wp\/v2\/pages\/138\/revisions\/377"}],"wp:attachment":[{"href":"https:\/\/espritcam.pt\/index.php?rest_route=%2Fwp%2Fv2%2Fmedia&parent=138"}],"wp:term":[{"taxonomy":"category","embeddable":true,"href":"https:\/\/espritcam.pt\/index.php?rest_route=%2Fwp%2Fv2%2Fcategories&post=138"},{"taxonomy":"post_tag","embeddable":true,"href":"https:\/\/espritcam.pt\/index.php?rest_route=%2Fwp%2Fv2%2Ftags&post=138"}],"curies":[{"name":"wp","href":"https:\/\/api.w.org\/{rel}","templated":true}]}}