{"id":174,"date":"2020-04-18T10:57:43","date_gmt":"2020-04-18T10:57:43","guid":{"rendered":"http:\/\/espritcam.pt\/?page_id=174"},"modified":"2020-06-12T15:36:38","modified_gmt":"2020-06-12T15:36:38","slug":"contactos","status":"publish","type":"page","link":"https:\/\/espritcam.pt\/?page_id=174","title":{"rendered":"Contactos"},"content":{"rendered":"<div class=\"\" style=\"\" >\n    \n    <section class=\"u-clearfix u-section-2\" id=\"sec-f1dc\">\n      <div class=\"u-clearfix u-sheet u-sheet-1\">\n        <div class=\"u-container-style u-group u-group-1\">\n          <div class=\"u-container-layout u-container-layout-1\">\n            <h3 class=\"u-align-center u-text u-text-body-alt-color u-text-default u-text-1\">Informa\u00e7\u00e3o Comercial<\/h3>\n            <h4 class=\"u-align-left u-text u-text-body-alt-color u-text-default u-text-2\">Jo\u00e3o Paulo Sim\u00f5es<\/h4>\n            <p class=\"u-align-left u-text u-text-body-alt-color u-text-default u-text-3\">\n              <a href=\"mailto:jp.simoes@vsc,pt\">jp.simoes@vsc.pt<\/a>\n              <br>93 924 8221\n            <\/p>\n          <\/div>\n        <\/div>\n        <div class=\"u-container-style u-group u-group-2\">\n          <div class=\"u-container-layout u-valign-top u-container-layout-2\">\n            <h3 class=\"u-align-center u-text u-text-body-alt-color u-text-4\">Informa\u00e7\u00e3o T\u00e9cnica<\/h3>\n            <h4 class=\"u-align-left u-text u-text-body-alt-color u-text-default u-text-5\">Rui Vaz<\/h4>\n            <p class=\"u-align-left u-text u-text-body-alt-color u-text-default u-text-6\">\n              <a href=\"mailto:ruivaz@vsc.pt\">ruivaz@vsc.pt<\/a>\n              <br>93 450 5739\n            <\/p>\n          <\/div>\n        <\/div>\n        <div class=\"u-container-style u-group u-group-3\">\n          <div class=\"u-container-layout u-valign-top u-container-layout-3\">\n            <h3 class=\"u-align-center u-text u-text-body-alt-color u-text-default u-text-7\">Suporte T\u00e9cnico<\/h3>\n            <p class=\"u-align-left u-text u-text-body-alt-color u-text-default u-text-8\">\n              <a href=\"mailto:suporte@vsc.pt\">suporte@vsc.pt<\/a>\n            <\/p>\n          <\/div>\n        <\/div>\n      <\/div>\n    <\/section>\n    \n    \n  \n<\/div>","protected":false},"excerpt":{"rendered":"<p>Informa\u00e7\u00e3o Comercial Jo\u00e3o Paulo Sim\u00f5es jp.simoes@vsc.pt 93 924 8221 Informa\u00e7\u00e3o T\u00e9cnica Rui Vaz ruivaz@vsc.pt 93 450 5739 Suporte T\u00e9cnico suporte@vsc.pt<\/p>\n","protected":false},"author":1,"featured_media":0,"parent":0,"menu_order":0,"comment_status":"closed","ping_status":"closed","template":"","meta":[],"categories":[],"tags":[],"_links":{"self":[{"href":"https:\/\/espritcam.pt\/index.php?rest_route=\/wp\/v2\/pages\/174"}],"collection":[{"href":"https:\/\/espritcam.pt\/index.php?rest_route=\/wp\/v2\/pages"}],"about":[{"href":"https:\/\/espritcam.pt\/index.php?rest_route=\/wp\/v2\/types\/page"}],"author":[{"embeddable":true,"href":"https:\/\/espritcam.pt\/index.php?rest_route=\/wp\/v2\/users\/1"}],"replies":[{"embeddable":true,"href":"https:\/\/espritcam.pt\/index.php?rest_route=%2Fwp%2Fv2%2Fcomments&post=174"}],"version-history":[{"count":7,"href":"https:\/\/espritcam.pt\/index.php?rest_route=\/wp\/v2\/pages\/174\/revisions"}],"predecessor-version":[{"id":200,"href":"https:\/\/espritcam.pt\/index.php?rest_route=\/wp\/v2\/pages\/174\/revisions\/200"}],"wp:attachment":[{"href":"https:\/\/espritcam.pt\/index.php?rest_route=%2Fwp%2Fv2%2Fmedia&parent=174"}],"wp:term":[{"taxonomy":"category","embeddable":true,"href":"https:\/\/espritcam.pt\/index.php?rest_route=%2Fwp%2Fv2%2Fcategories&post=174"},{"taxonomy":"post_tag","embeddable":true,"href":"https:\/\/espritcam.pt\/index.php?rest_route=%2Fwp%2Fv2%2Ftags&post=174"}],"curies":[{"name":"wp","href":"https:\/\/api.w.org\/{rel}","templated":true}]}}