{"id":209,"date":"2020-04-19T10:46:24","date_gmt":"2020-04-19T10:46:24","guid":{"rendered":"http:\/\/espritcam.pt\/?page_id=209"},"modified":"2020-06-12T15:36:03","modified_gmt":"2020-06-12T15:36:03","slug":"solucoes","status":"publish","type":"page","link":"https:\/\/espritcam.pt\/?page_id=209","title":{"rendered":"Solu\u00e7\u00f5es"},"content":{"rendered":"<div class=\"\" style=\"\" >\n    \n    <section class=\"u-clearfix u-section-2\" id=\"sec-9811\">\n      <div class=\"u-clearfix u-sheet u-sheet-1\">\n        <div class=\"u-clearfix u-expanded-width u-layout-wrap u-layout-wrap-1\">\n          <div class=\"u-layout\">\n            <div class=\"u-layout-row\">\n              <div class=\"u-container-style u-layout-cell u-left-cell u-size-25 u-layout-cell-1\">\n                <div class=\"u-container-layout u-container-layout-1\">\n                  <h3 class=\"u-text u-text-body-alt-color u-text-default u-text-1\">Tecnologias<\/h3>\n                  <p class=\"u-text u-text-body-alt-color u-text-default u-text-2\">Esprit tem capacidade para programar todo o tipo de m\u00e1quinas:<br>Fresagem de 3 a 5 eixos (com mesas rotativas adicionais se necess\u00e1rio)<br>Torneamento de 2 a 22 eixos<br>Eros\u00e3o por Fio de 2 a 6 eixos<br>Medi\u00e7\u00e3o com sonda<br>Fabrico aditivo planar, 3+2 e 5 eixos cont\u00ednuos\n                  <\/p>\n                  <a href=\"https:\/\/espritcam.pt\/?page_id=138\" class=\"u-border-2 u-border-hover-palette-2-base u-border-white u-btn u-button-style u-btn-1\">Saiba mais<\/a>\n                <\/div>\n              <\/div>\n              <div class=\"u-container-style u-layout-cell u-right-cell u-size-35 u-layout-cell-2\">\n                <div class=\"u-container-layout u-valign-middle u-container-layout-2\">\n                  <img src=\"https:\/\/espritcam.pt\/wp-content\/uploads\/2020\/04\/tecnologias.gif\" alt=\"\" class=\"u-expanded-width u-image u-image-default u-image-1\" data-image-width=\"600\" data-image-height=\"400\">\n                <\/div>\n              <\/div>\n            <\/div>\n          <\/div>\n        <\/div>\n      <\/div>\n    <\/section>\n    <section class=\"u-clearfix u-section-3\" id=\"sec-0346\">\n      <div class=\"u-clearfix u-sheet u-sheet-1\">\n        <div class=\"u-clearfix u-expanded-width u-layout-wrap u-layout-wrap-1\">\n          <div class=\"u-layout\">\n            <div class=\"u-layout-row\">\n              <div class=\"u-container-style u-layout-cell u-left-cell u-size-37 u-layout-cell-1\">\n                <div class=\"u-container-layout u-valign-middle u-container-layout-1\">\n                  <img src=\"https:\/\/espritcam.pt\/wp-content\/uploads\/2020\/04\/DigitalTwin3.gif\" alt=\"\" class=\"u-image u-image-default u-image-1\" data-image-width=\"1600\" data-image-height=\"821\">\n                <\/div>\n              <\/div>\n              <div class=\"u-container-style u-layout-cell u-right-cell u-size-23 u-layout-cell-2\">\n                <div class=\"u-container-layout u-container-layout-2\">\n                  <h3 class=\"u-text u-text-body-alt-color u-text-1\">Parceiros de m\u00e1quinas<\/h3>\n                  <p class=\"u-text u-text-body-alt-color u-text-2\">V\u00e1rios fabricantes t\u00eam parcerias com Esprit. Desde o p\u00f3s-processador ao DMP (Digital Machine Package)&nbsp;completo.<\/p>\n                  <a href=\"https:\/\/espritcam.pt\/?page_id=205\" class=\"u-border-2 u-border-hover-palette-2-base u-border-white u-btn u-button-style u-btn-1\">Saiba mais<\/a>\n                <\/div>\n              <\/div>\n            <\/div>\n          <\/div>\n        <\/div>\n      <\/div>\n    <\/section>\n    \n    \n  \n<\/div>","protected":false},"excerpt":{"rendered":"<p>Tecnologias Esprit tem capacidade para programar todo o tipo de m\u00e1quinas:Fresagem de 3 a 5 eixos (com mesas rotativas adicionais se necess\u00e1rio)Torneamento de 2 a 22 eixosEros\u00e3o por Fio de 2 a 6 eixosMedi\u00e7\u00e3o com sondaFabrico aditivo planar, 3+2 e 5 eixos cont\u00ednuos Saiba mais Parceiros de m\u00e1quinas V\u00e1rios fabricantes t\u00eam parcerias com Esprit. Desde &hellip; <a href=\"https:\/\/espritcam.pt\/?page_id=209\" class=\"more-link\">Continue reading<span class=\"screen-reader-text\"> &#8220;Solu\u00e7\u00f5es&#8221;<\/span><\/a><\/p>\n","protected":false},"author":1,"featured_media":0,"parent":0,"menu_order":0,"comment_status":"closed","ping_status":"closed","template":"","meta":[],"categories":[],"tags":[],"_links":{"self":[{"href":"https:\/\/espritcam.pt\/index.php?rest_route=\/wp\/v2\/pages\/209"}],"collection":[{"href":"https:\/\/espritcam.pt\/index.php?rest_route=\/wp\/v2\/pages"}],"about":[{"href":"https:\/\/espritcam.pt\/index.php?rest_route=\/wp\/v2\/types\/page"}],"author":[{"embeddable":true,"href":"https:\/\/espritcam.pt\/index.php?rest_route=\/wp\/v2\/users\/1"}],"replies":[{"embeddable":true,"href":"https:\/\/espritcam.pt\/index.php?rest_route=%2Fwp%2Fv2%2Fcomments&post=209"}],"version-history":[{"count":12,"href":"https:\/\/espritcam.pt\/index.php?rest_route=\/wp\/v2\/pages\/209\/revisions"}],"predecessor-version":[{"id":265,"href":"https:\/\/espritcam.pt\/index.php?rest_route=\/wp\/v2\/pages\/209\/revisions\/265"}],"wp:attachment":[{"href":"https:\/\/espritcam.pt\/index.php?rest_route=%2Fwp%2Fv2%2Fmedia&parent=209"}],"wp:term":[{"taxonomy":"category","embeddable":true,"href":"https:\/\/espritcam.pt\/index.php?rest_route=%2Fwp%2Fv2%2Fcategories&post=209"},{"taxonomy":"post_tag","embeddable":true,"href":"https:\/\/espritcam.pt\/index.php?rest_route=%2Fwp%2Fv2%2Ftags&post=209"}],"curies":[{"name":"wp","href":"https:\/\/api.w.org\/{rel}","templated":true}]}}